{"id":5095,"date":"2023-07-08T16:23:45","date_gmt":"2023-07-08T16:23:45","guid":{"rendered":"https:\/\/yanndeclerck.com\/?post_type=product&#038;p=5095"},"modified":"2024-08-13T19:11:10","modified_gmt":"2024-08-13T19:11:10","slug":"veston-reversible","status":"publish","type":"product","link":"https:\/\/yanndeclerck.com\/?product=veston-reversible","title":{"rendered":"Veston r\u00e9versible"},"content":{"rendered":"<p>Veston r\u00e9versible au dos crois\u00e9 inspir\u00e9 des tabliers japonais. Ce veston emprunt\u00e9 au vestiaire formel se r\u00e9invente dans une version r\u00e9versible et d\u00e9contract\u00e9e avec un c\u00f4t\u00e9 recto, plus travaill\u00e9 pour le porter en d\u00e9bardeur, et un c\u00f4t\u00e9 verso plus sobre pour le porter au dessus d\u2019un t-shirt manches courtes ou d\u2019une chemise oversize.<\/p>\n<p>&nbsp;<\/p>\n<p>&nbsp;<\/p>\n","protected":false},"excerpt":{"rendered":"<p>Veston r\u00e9versible au dos crois\u00e9 inspir\u00e9 des tabliers japonais. Ce veston emprunt\u00e9 au vestiaire formel se r\u00e9invente dans une version r\u00e9versible et d\u00e9contract\u00e9e avec un c\u00f4t\u00e9 recto, plus travaill\u00e9 pour le porter en d\u00e9bardeur, et un c\u00f4t\u00e9 verso plus sobre pour le porter au dessus d\u2019un t-shirt manches courtes ou d\u2019une chemise oversize. &nbsp; &nbsp;<\/p>\n","protected":false},"featured_media":5097,"template":"","meta":{"om_disable_all_campaigns":false,"_uag_custom_page_level_css":"","_monsterinsights_skip_tracking":false,"_monsterinsights_sitenote_active":false,"_monsterinsights_sitenote_note":"","_monsterinsights_sitenote_category":0,"site-sidebar-layout":"default","site-content-layout":"default","ast-site-content-layout":"","site-content-style":"default","site-sidebar-style":"default","ast-global-header-display":"","ast-banner-title-visibility":"","ast-main-header-display":"","ast-hfb-above-header-display":"","ast-hfb-below-header-display":"","ast-hfb-mobile-header-display":"","site-post-title":"","ast-breadcrumbs-content":"","ast-featured-img":"","footer-sml-layout":"","theme-transparent-header-meta":"default","adv-header-id-meta":"","stick-header-meta":"","header-above-stick-meta":"","header-main-stick-meta":"","header-below-stick-meta":"","astra-migrate-meta-layouts":"default","ast-page-background-enabled":"default","ast-page-background-meta":{"desktop":{"background-color":"var(--ast-global-color-4)","background-image":"","background-repeat":"repeat","background-position":"center center","background-size":"auto","background-attachment":"scroll","background-type":"","background-media":"","overlay-type":"","overlay-color":"","overlay-opacity":"","overlay-gradient":""},"tablet":{"background-color":"","background-image":"","background-repeat":"repeat","background-position":"center center","background-size":"auto","background-attachment":"scroll","background-type":"","background-media":"","overlay-type":"","overlay-color":"","overlay-opacity":"","overlay-gradient":""},"mobile":{"background-color":"","background-image":"","background-repeat":"repeat","background-position":"center center","background-size":"auto","background-attachment":"scroll","background-type":"","background-media":"","overlay-type":"","overlay-color":"","overlay-opacity":"","overlay-gradient":""}},"ast-content-background-meta":{"desktop":{"background-color":"var(--ast-global-color-5)","background-image":"","background-repeat":"repeat","background-position":"center center","background-size":"auto","background-attachment":"scroll","background-type":"","background-media":"","overlay-type":"","overlay-color":"","overlay-opacity":"","overlay-gradient":""},"tablet":{"background-color":"var(--ast-global-color-5)","background-image":"","background-repeat":"repeat","background-position":"center center","background-size":"auto","background-attachment":"scroll","background-type":"","background-media":"","overlay-type":"","overlay-color":"","overlay-opacity":"","overlay-gradient":""},"mobile":{"background-color":"var(--ast-global-color-5)","background-image":"","background-repeat":"repeat","background-position":"center center","background-size":"auto","background-attachment":"scroll","background-type":"","background-media":"","overlay-type":"","overlay-color":"","overlay-opacity":"","overlay-gradient":""}}},"product_brand":[],"product_cat":[64],"product_tag":[],"class_list":{"0":"post-5095","1":"product","2":"type-product","3":"status-publish","4":"has-post-thumbnail","6":"product_cat-vetements","7":"desktop-align-left","8":"tablet-align-left","9":"mobile-align-left","11":"first","12":"outofstock","13":"taxable","14":"shipping-taxable","15":"purchasable","16":"product-type-simple"},"aioseo_notices":[],"uagb_featured_image_src":{"full":["https:\/\/yanndeclerck.com\/wp-content\/uploads\/2023\/07\/Illustration_veston_devant.jpg",2048,2048,false],"thumbnail":["https:\/\/yanndeclerck.com\/wp-content\/uploads\/2023\/07\/Illustration_veston_devant-150x150.jpg",150,150,true],"medium":["https:\/\/yanndeclerck.com\/wp-content\/uploads\/2023\/07\/Illustration_veston_devant-300x300.jpg",300,300,true],"medium_large":["https:\/\/yanndeclerck.com\/wp-content\/uploads\/2023\/07\/Illustration_veston_devant-768x768.jpg",768,768,true],"large":["https:\/\/yanndeclerck.com\/wp-content\/uploads\/2023\/07\/Illustration_veston_devant-1024x1024.jpg",1024,1024,true],"1536x1536":["https:\/\/yanndeclerck.com\/wp-content\/uploads\/2023\/07\/Illustration_veston_devant-1536x1536.jpg",1536,1536,true],"2048x2048":["https:\/\/yanndeclerck.com\/wp-content\/uploads\/2023\/07\/Illustration_veston_devant-2048x2048.jpg",2048,2048,true],"woocommerce_thumbnail":["https:\/\/yanndeclerck.com\/wp-content\/uploads\/2023\/07\/Illustration_veston_devant-300x300.jpg",300,300,true],"woocommerce_single":["https:\/\/yanndeclerck.com\/wp-content\/uploads\/2023\/07\/Illustration_veston_devant-600x600.jpg",600,600,true],"woocommerce_gallery_thumbnail":["https:\/\/yanndeclerck.com\/wp-content\/uploads\/2023\/07\/Illustration_veston_devant-100x100.jpg",100,100,true]},"uagb_author_info":{"display_name":"yann declerck","author_link":"https:\/\/yanndeclerck.com\/?author=0"},"uagb_comment_info":0,"uagb_excerpt":"Veston r\u00e9versible au dos crois\u00e9 inspir\u00e9 des tabliers japonais. Ce veston emprunt\u00e9 au vestiaire formel se r\u00e9invente dans une version r\u00e9versible et d\u00e9contract\u00e9e avec un c\u00f4t\u00e9 recto, plus travaill\u00e9 pour le porter en d\u00e9bardeur, et un c\u00f4t\u00e9 verso plus sobre pour le porter au dessus d\u2019un t-shirt manches courtes ou d\u2019une chemise oversize. &nbsp; &nbsp;","_links":{"self":[{"href":"https:\/\/yanndeclerck.com\/index.php?rest_route=\/wp\/v2\/product\/5095","targetHints":{"allow":["GET"]}}],"collection":[{"href":"https:\/\/yanndeclerck.com\/index.php?rest_route=\/wp\/v2\/product"}],"about":[{"href":"https:\/\/yanndeclerck.com\/index.php?rest_route=\/wp\/v2\/types\/product"}],"wp:featuredmedia":[{"embeddable":true,"href":"https:\/\/yanndeclerck.com\/index.php?rest_route=\/wp\/v2\/media\/5097"}],"wp:attachment":[{"href":"https:\/\/yanndeclerck.com\/index.php?rest_route=%2Fwp%2Fv2%2Fmedia&parent=5095"}],"wp:term":[{"taxonomy":"product_brand","embeddable":true,"href":"https:\/\/yanndeclerck.com\/index.php?rest_route=%2Fwp%2Fv2%2Fproduct_brand&post=5095"},{"taxonomy":"product_cat","embeddable":true,"href":"https:\/\/yanndeclerck.com\/index.php?rest_route=%2Fwp%2Fv2%2Fproduct_cat&post=5095"},{"taxonomy":"product_tag","embeddable":true,"href":"https:\/\/yanndeclerck.com\/index.php?rest_route=%2Fwp%2Fv2%2Fproduct_tag&post=5095"}],"curies":[{"name":"wp","href":"https:\/\/api.w.org\/{rel}","templated":true}]}}