{"id":4568,"date":"2022-10-13T16:41:03","date_gmt":"2022-10-13T16:41:03","guid":{"rendered":"https:\/\/yanndeclerck.com\/?page_id=4568"},"modified":"2024-09-20T22:47:38","modified_gmt":"2024-09-20T22:47:38","slug":"mes-services","status":"publish","type":"page","link":"https:\/\/yanndeclerck.com\/?page_id=4568","title":{"rendered":"Mes services."},"content":{"rendered":"\t\t<div data-elementor-type=\"wp-page\" data-elementor-id=\"4568\" class=\"elementor elementor-4568\">\n\t\t\t\t\t\t<section class=\"elementor-section elementor-top-section elementor-element elementor-element-0b548ee elementor-section-boxed elementor-section-height-default elementor-section-height-default\" data-id=\"0b548ee\" data-element_type=\"section\">\n\t\t\t\t\t\t<div class=\"elementor-container elementor-column-gap-default\">\n\t\t\t\t\t<div class=\"elementor-column elementor-col-100 elementor-top-column elementor-element elementor-element-4868a51\" data-id=\"4868a51\" data-element_type=\"column\">\n\t\t\t<div class=\"elementor-widget-wrap elementor-element-populated\">\n\t\t\t\t\t\t<div class=\"elementor-element elementor-element-594d67d elementor-tabs-view-horizontal elementor-widget elementor-widget-tabs\" data-id=\"594d67d\" data-element_type=\"widget\" data-widget_type=\"tabs.default\">\n\t\t\t\t<div class=\"elementor-widget-container\">\n\t\t\t\t\t\t\t<div class=\"elementor-tabs\">\n\t\t\t<div class=\"elementor-tabs-wrapper\" role=\"tablist\" >\n\t\t\t\t\t\t\t\t\t<div id=\"elementor-tab-title-9361\" class=\"elementor-tab-title elementor-tab-desktop-title\" aria-selected=\"true\" data-tab=\"1\" role=\"tab\" tabindex=\"0\" aria-controls=\"elementor-tab-content-9361\" aria-expanded=\"false\">Consulting \u201dCr\u00e9a\u201d<\/div>\n\t\t\t\t\t\t\t\t\t<div id=\"elementor-tab-title-9362\" class=\"elementor-tab-title elementor-tab-desktop-title\" aria-selected=\"false\" data-tab=\"2\" role=\"tab\" tabindex=\"-1\" aria-controls=\"elementor-tab-content-9362\" aria-expanded=\"false\">Fiches techniques<\/div>\n\t\t\t\t\t\t\t<\/div>\n\t\t\t<div class=\"elementor-tabs-content-wrapper\" role=\"tablist\" aria-orientation=\"vertical\">\n\t\t\t\t\t\t\t\t\t<div class=\"elementor-tab-title elementor-tab-mobile-title\" aria-selected=\"true\" data-tab=\"1\" role=\"tab\" tabindex=\"0\" aria-controls=\"elementor-tab-content-9361\" aria-expanded=\"false\">Consulting \u201dCr\u00e9a\u201d<\/div>\n\t\t\t\t\t<div id=\"elementor-tab-content-9361\" class=\"elementor-tab-content elementor-clearfix\" data-tab=\"1\" role=\"tabpanel\" aria-labelledby=\"elementor-tab-title-9361\" tabindex=\"0\" hidden=\"false\"><p style=\"font-size: 16px; font-style: normal;\"><span style=\"color: var(--ast-global-color-3); font-style: inherit;\">Ensemble nous ferons<\/span><span style=\"color: var(--ast-global-color-3); font-style: inherit;\">&nbsp;de vos cr\u00e9ations des produits <b>exploitables en production <\/b>(id\u00e9e de d\u00e9part, prototype, prix target, mod\u00e8le d\u00e9finitif et sa production). Pour cela, je vous propose 2 formules pour m\u2019adapter au mieux \u00e0 votre budget et vos besoins :<\/span><\/p>\n<p style=\"font-size: 16px; font-style: normal;\"><span style=\"color: var(--ast-global-color-3);\">1 s\u00e9ance de consulting BASIC (45\u20ac) :<\/span><\/p>\n<ul style=\"font-size: 16px; font-style: normal; list-style-position: outside;\">\n<li style=\"font-size: 16px;\"><span style=\"color: var(--ast-global-color-3); font-style: inherit;\">Une s<\/span><span style=\"color: var(--ast-global-color-3); font-style: inherit;\">\u00e9ance de consulting d\u2019une heure en visio pour faire un point technique et personnalis\u00e9 sur votre marque, vos cr\u00e9ations et vos probl\u00e9matiques actuelles et\/ou besoins.&nbsp;<\/span><\/li>\n<li style=\"font-size: 16px;\"><span style=\"color: var(--ast-global-color-3); font-style: inherit;\">La mise en lien avec des fournisseurs (fournitures, mati\u00e8res) et fa\u00e7onniers (ennoblissements, coupe, montage\u2026), si besoin et dans la limite de mes contacts.<\/span><\/li>\n<li style=\"font-size: 16px;\"><span style=\"color: var(--ast-global-color-3); font-style: inherit;\">Un \u00e9change riche et constructif, afin de voir ensemble les forces et les faiblesses de votre projet tout en vous apportant des solutions techniques.<\/span><\/li>\n<\/ul>\n<p style=\"font-size: 16px; font-style: normal;\"><span style=\"color: var(--ast-global-color-3); font-style: inherit;\">&nbsp;<\/span><span style=\"color: var(--ast-global-color-3); background-color: var(--ast-global-color-5); -webkit-text-size-adjust: 100%;\">1 s\u00e9ance de consulting PLUS (80\u20ac) :<\/span><\/p>\n<ul style=\"font-size: 16px; font-style: normal; list-style-position: outside; list-style-type: disc;\">\n<li style=\"font-size: 16px;\"><span style=\"color: var(--ast-global-color-3); font-style: inherit;\">L\u2019analyse en amont de vos croquis \/ photos \/ vid\u00e9os de votre cr\u00e9ation transmis par e-mail.<br><\/span><\/li>\n<li style=\"font-size: 16px;\"><span style=\"color: var(--ast-global-color-3); font-style: inherit;\">Une s<\/span><span style=\"color: var(--ast-global-color-3); font-style: inherit;\">\u00e9ance de consulting d\u2019une heure en visio pour faire un point technique et personnalis\u00e9 sur votre marque, vos cr\u00e9ations et revoir ensemble l\u2019int\u00e9gralit\u00e9 du processus pour en faire un produit pr\u00eat \u00e0 la production.<\/span><\/li>\n<li style=\"font-size: 16px;\"><span style=\"color: var(--ast-global-color-3); font-style: inherit;\">La mise en lien avec des fournisseurs (fournitures, mati\u00e8res) et fa\u00e7onniers (ennoblissements, coupe, montage\u2026), si besoin et dans la limite de mes contacts.<br><\/span><\/li>\n<li style=\"font-size: 16px;\">L&rsquo;envoi par email d&rsquo;un document r\u00e9capitulatif des points abord\u00e9s en fin de session.<\/li>\n<\/ul>\n<div>\n<ul style=\"font-size: 16px; font-style: normal; list-style-position: outside; list-style-type: disc;\">\n<\/ul>\n<\/div><\/div>\n\t\t\t\t\t\t\t\t\t<div class=\"elementor-tab-title elementor-tab-mobile-title\" aria-selected=\"false\" data-tab=\"2\" role=\"tab\" tabindex=\"-1\" aria-controls=\"elementor-tab-content-9362\" aria-expanded=\"false\">Fiches techniques<\/div>\n\t\t\t\t\t<div id=\"elementor-tab-content-9362\" class=\"elementor-tab-content elementor-clearfix\" data-tab=\"2\" role=\"tabpanel\" aria-labelledby=\"elementor-tab-title-9362\" tabindex=\"0\" hidden=\"hidden\"><ul><li>Fiche technique d&rsquo;un mod\u00e8le simple (illustrations devant + dos inclus) : 85\u20ac<\/li><li>Fiche technique d&rsquo;un mod\u00e8le complexe (illustrations devant + c\u00f4t\u00e9 + dos inclus) : 105\u20ac<\/li><\/ul><p><img fetchpriority=\"high\" decoding=\"async\" class=\"alignnone size-medium wp-image-4919\" src=\"https:\/\/yanndeclerck.com\/wp-content\/uploads\/2022\/11\/Fiche_Technique_Site-212x300.jpg\" alt=\"\" width=\"212\" height=\"300\" srcset=\"https:\/\/yanndeclerck.com\/wp-content\/uploads\/2022\/11\/Fiche_Technique_Site-212x300.jpg 212w, https:\/\/yanndeclerck.com\/wp-content\/uploads\/2022\/11\/Fiche_Technique_Site-724x1024.jpg 724w, https:\/\/yanndeclerck.com\/wp-content\/uploads\/2022\/11\/Fiche_Technique_Site-768x1086.jpg 768w, https:\/\/yanndeclerck.com\/wp-content\/uploads\/2022\/11\/Fiche_Technique_Site-1086x1536.jpg 1086w, https:\/\/yanndeclerck.com\/wp-content\/uploads\/2022\/11\/Fiche_Technique_Site-1448x2048.jpg 1448w, https:\/\/yanndeclerck.com\/wp-content\/uploads\/2022\/11\/Fiche_Technique_Site-1320x1867.jpg 1320w, https:\/\/yanndeclerck.com\/wp-content\/uploads\/2022\/11\/Fiche_Technique_Site-600x849.jpg 600w, https:\/\/yanndeclerck.com\/wp-content\/uploads\/2022\/11\/Fiche_Technique_Site-scaled.jpg 1810w\" sizes=\"(max-width: 212px) 100vw, 212px\" \/><\/p><\/div>\n\t\t\t\t\t\t\t<\/div>\n\t\t<\/div>\n\t\t\t\t\t\t<\/div>\n\t\t\t\t<\/div>\n\t\t\t\t\t<\/div>\n\t\t<\/div>\n\t\t\t\t\t<\/div>\n\t\t<\/section>\n\t\t\t\t<section class=\"elementor-section elementor-top-section elementor-element elementor-element-df81ba5 elementor-section-boxed elementor-section-height-default elementor-section-height-default\" data-id=\"df81ba5\" data-element_type=\"section\">\n\t\t\t\t\t\t<div class=\"elementor-container elementor-column-gap-default\">\n\t\t\t\t\t<div class=\"elementor-column elementor-col-100 elementor-top-column elementor-element elementor-element-760a3f0\" data-id=\"760a3f0\" data-element_type=\"column\">\n\t\t\t<div class=\"elementor-widget-wrap elementor-element-populated\">\n\t\t\t\t\t\t<div class=\"elementor-element elementor-element-561e961 elementor-widget elementor-widget-spacer\" data-id=\"561e961\" data-element_type=\"widget\" data-widget_type=\"spacer.default\">\n\t\t\t\t<div class=\"elementor-widget-container\">\n\t\t\t\t\t\t\t<div class=\"elementor-spacer\">\n\t\t\t<div class=\"elementor-spacer-inner\"><\/div>\n\t\t<\/div>\n\t\t\t\t\t\t<\/div>\n\t\t\t\t<\/div>\n\t\t\t\t<div class=\"elementor-element elementor-element-4428b8c elementor-widget elementor-widget-text-editor\" data-id=\"4428b8c\" data-element_type=\"widget\" data-widget_type=\"text-editor.default\">\n\t\t\t\t<div class=\"elementor-widget-container\">\n\t\t\t\t\t\t\t\t\t<h2 style=\"font-size: 19px; font-style: normal; margin-bottom: 0px;\" data-elementor-setting-key=\"title\" data-pen-placeholder=\"\u00c9crivez ici...\">&nbsp;<\/h2>\n<div><b>Envie de cr\u00e9er votre marque de v\u00eatements ? Ou besoin de revoir votre projet ?<\/b>&nbsp;<\/div>\n<div>&nbsp;<\/div>\n<p style=\"font-size: 16px;\"><span style=\"font-style: inherit; color: var(--ast-global-color-3);\">Votre projet est unique et votre parcours aussi !&nbsp;<\/span><span style=\"font-size: 1rem; font-style: inherit; color: var(--ast-global-color-3);\">Qu&rsquo;il s&rsquo;agisse de la cr\u00e9ation ou la production de vos prototypes,&nbsp; petites et grandes s\u00e9ries, je vous ferai b\u00e9n\u00e9ficier de&nbsp;<\/span><span style=\"font-size: 1rem; font-style: inherit; color: var(--ast-global-color-3);\">mon exp\u00e9rience de terrain, de mon r\u00e9seau de professionnel(le)s,&nbsp;<\/span><span style=\"font-size: 1rem; font-style: inherit; color: var(--ast-global-color-3);\">&nbsp;et&nbsp;<\/span><span style=\"font-size: 1rem; font-style: inherit; color: var(--ast-global-color-3);\">de mes comp\u00e9tences techniques.<\/span><\/p>\n<div>\n<p><strong>Pourquoi faire appel \u00e0 moi ?<\/strong><\/p>\n<p><span style=\"color: var(--ast-global-color-3); font-style: inherit;\">Je travaille depuis plusieurs ann\u00e9es exclusivement aupr\u00e8s de cr\u00e9ateurs(ices) \u00e9mergent(e)s, je connais donc tr\u00e8s bien les probl\u00e9matiques inh\u00e9rentes aux d\u00e9marrages d&rsquo;une marque de pr\u00eat-\u00e0-porter. Mon<\/span>&nbsp;exp\u00e9rience m&rsquo;a permis de d\u00e9velopper un r\u00e9seau d&rsquo;ateliers travaillant sans minimums de quantit\u00e9 pour r\u00e9pondre au mieux \u00e0 vos besoins.<\/p>\n<div><b>Mon objectif ?<\/b><\/div>\n<div><span style=\"color: var(--ast-global-color-3); font-size: 1rem;\">Vous aider \u00e0 travailler l&rsquo;identit\u00e9 de votre marque et transformer votre cr\u00e9ativit\u00e9 en une ligne de v\u00eatements coh\u00e9rents et d\u00e9sirables, tout en vous faisant gagner du temps et surtout de l&rsquo;argent, car OUI, les premi\u00e8res erreurs co\u00fbtent CHER \u00e0 toutes les jeunes marques non-accompagn\u00e9es\u2026<\/span><\/div>\n<div>\n<h2 style=\"font-size: 19px; font-style: normal; margin-bottom: 0px;\" data-elementor-setting-key=\"title\" data-pen-placeholder=\"\u00c9crivez ici...\">&nbsp;<\/h2>\n<p><strong><span style=\"color: var(--ast-global-color-3); font-style: inherit;\">Comment ?<\/span><\/strong><\/p>\n<div><span style=\"color: var(--ast-global-color-3); font-style: inherit;\">Gr\u00e2ce \u00e0 mon offre de consulting sur-mesure&nbsp;<\/span><span style=\"color: var(--ast-global-color-3); font-size: 1rem;\">pens\u00e9e pour \u00eatre financi\u00e8rement abordable et&nbsp;<\/span><span style=\"color: var(--ast-global-color-3); font-style: inherit;\">destin\u00e9e sp\u00e9cifiquement aux jeunes marques. Une s\u00e9ance de consulting nourrie d&rsquo;ann\u00e9es d&rsquo;exp\u00e9rience au contact de&nbsp;<\/span><span style=\"color: var(--ast-global-color-3); font-style: inherit;\">marques<\/span><span style=\"color: var(--ast-global-color-3); font-style: inherit;\">&nbsp;comme la v\u00f4tre, afin d&rsquo;apporter un vrai soutien technique \u00e0 la cr\u00e9ation et production de vos mod\u00e8les ou collections.<\/span><\/div>\n<\/div>\n<\/div>\t\t\t\t\t\t\t\t<\/div>\n\t\t\t\t<\/div>\n\t\t\t\t<div class=\"elementor-element elementor-element-0f741bd elementor-widget elementor-widget-spacer\" data-id=\"0f741bd\" data-element_type=\"widget\" data-widget_type=\"spacer.default\">\n\t\t\t\t<div class=\"elementor-widget-container\">\n\t\t\t\t\t\t\t<div class=\"elementor-spacer\">\n\t\t\t<div class=\"elementor-spacer-inner\"><\/div>\n\t\t<\/div>\n\t\t\t\t\t\t<\/div>\n\t\t\t\t<\/div>\n\t\t\t\t\t<\/div>\n\t\t<\/div>\n\t\t\t\t\t<\/div>\n\t\t<\/section>\n\t\t\t\t<\/div>\n\t\t","protected":false},"excerpt":{"rendered":"<p>Consulting \u201dCr\u00e9a\u201d Fiches techniques Consulting \u201dCr\u00e9a\u201d Ensemble nous ferons&nbsp;de vos cr\u00e9ations des produits exploitables en production (id\u00e9e de d\u00e9part, prototype, prix target, mod\u00e8le d\u00e9finitif et sa production). Pour cela, je vous propose 2 formules pour m\u2019adapter au mieux \u00e0 votre budget et vos besoins : 1 s\u00e9ance de consulting BASIC (45\u20ac) : Une s\u00e9ance de [&hellip;]<\/p>\n","protected":false},"author":1,"featured_media":0,"parent":0,"menu_order":0,"comment_status":"closed","ping_status":"closed","template":"","meta":{"om_disable_all_campaigns":false,"_uag_custom_page_level_css":"","_monsterinsights_skip_tracking":false,"_monsterinsights_sitenote_active":false,"_monsterinsights_sitenote_note":"","_monsterinsights_sitenote_category":0,"site-sidebar-layout":"no-sidebar","site-content-layout":"page-builder","ast-site-content-layout":"","site-content-style":"default","site-sidebar-style":"default","ast-global-header-display":"","ast-banner-title-visibility":"","ast-main-header-display":"","ast-hfb-above-header-display":"","ast-hfb-below-header-display":"","ast-hfb-mobile-header-display":"","site-post-title":"disabled","ast-breadcrumbs-content":"","ast-featured-img":"disabled","footer-sml-layout":"","theme-transparent-header-meta":"","adv-header-id-meta":"","stick-header-meta":"","header-above-stick-meta":"","header-main-stick-meta":"","header-below-stick-meta":"","astra-migrate-meta-layouts":"default","ast-page-background-enabled":"default","ast-page-background-meta":{"desktop":{"background-color":"var(--ast-global-color-4)","background-image":"","background-repeat":"repeat","background-position":"center center","background-size":"auto","background-attachment":"scroll","background-type":"","background-media":"","overlay-type":"","overlay-color":"","overlay-opacity":"","overlay-gradient":""},"tablet":{"background-color":"","background-image":"","background-repeat":"repeat","background-position":"center center","background-size":"auto","background-attachment":"scroll","background-type":"","background-media":"","overlay-type":"","overlay-color":"","overlay-opacity":"","overlay-gradient":""},"mobile":{"background-color":"","background-image":"","background-repeat":"repeat","background-position":"center center","background-size":"auto","background-attachment":"scroll","background-type":"","background-media":"","overlay-type":"","overlay-color":"","overlay-opacity":"","overlay-gradient":""}},"ast-content-background-meta":{"desktop":{"background-color":"var(--ast-global-color-5)","background-image":"","background-repeat":"repeat","background-position":"center center","background-size":"auto","background-attachment":"scroll","background-type":"","background-media":"","overlay-type":"","overlay-color":"","overlay-opacity":"","overlay-gradient":""},"tablet":{"background-color":"var(--ast-global-color-5)","background-image":"","background-repeat":"repeat","background-position":"center center","background-size":"auto","background-attachment":"scroll","background-type":"","background-media":"","overlay-type":"","overlay-color":"","overlay-opacity":"","overlay-gradient":""},"mobile":{"background-color":"var(--ast-global-color-5)","background-image":"","background-repeat":"repeat","background-position":"center center","background-size":"auto","background-attachment":"scroll","background-type":"","background-media":"","overlay-type":"","overlay-color":"","overlay-opacity":"","overlay-gradient":""}},"footnotes":""},"class_list":["post-4568","page","type-page","status-publish","hentry"],"aioseo_notices":[],"uagb_featured_image_src":{"full":false,"thumbnail":false,"medium":false,"medium_large":false,"large":false,"1536x1536":false,"2048x2048":false,"woocommerce_thumbnail":false,"woocommerce_single":false,"woocommerce_gallery_thumbnail":false},"uagb_author_info":{"display_name":"yann.declerck@gmail.com","author_link":"https:\/\/yanndeclerck.com\/?author=1"},"uagb_comment_info":0,"uagb_excerpt":"Consulting \u201dCr\u00e9a\u201d Fiches techniques Consulting \u201dCr\u00e9a\u201d Ensemble nous ferons&nbsp;de vos cr\u00e9ations des produits exploitables en production (id\u00e9e de d\u00e9part, prototype, prix target, mod\u00e8le d\u00e9finitif et sa production). Pour cela, je vous propose 2 formules pour m\u2019adapter au mieux \u00e0 votre budget et vos besoins : 1 s\u00e9ance de consulting BASIC (45\u20ac) : Une s\u00e9ance de\u2026","_links":{"self":[{"href":"https:\/\/yanndeclerck.com\/index.php?rest_route=\/wp\/v2\/pages\/4568","targetHints":{"allow":["GET"]}}],"collection":[{"href":"https:\/\/yanndeclerck.com\/index.php?rest_route=\/wp\/v2\/pages"}],"about":[{"href":"https:\/\/yanndeclerck.com\/index.php?rest_route=\/wp\/v2\/types\/page"}],"author":[{"embeddable":true,"href":"https:\/\/yanndeclerck.com\/index.php?rest_route=\/wp\/v2\/users\/1"}],"replies":[{"embeddable":true,"href":"https:\/\/yanndeclerck.com\/index.php?rest_route=%2Fwp%2Fv2%2Fcomments&post=4568"}],"version-history":[{"count":200,"href":"https:\/\/yanndeclerck.com\/index.php?rest_route=\/wp\/v2\/pages\/4568\/revisions"}],"predecessor-version":[{"id":5749,"href":"https:\/\/yanndeclerck.com\/index.php?rest_route=\/wp\/v2\/pages\/4568\/revisions\/5749"}],"wp:attachment":[{"href":"https:\/\/yanndeclerck.com\/index.php?rest_route=%2Fwp%2Fv2%2Fmedia&parent=4568"}],"curies":[{"name":"wp","href":"https:\/\/api.w.org\/{rel}","templated":true}]}}